{"id":13,"date":"2016-04-01T16:22:28","date_gmt":"2016-04-01T16:22:28","guid":{"rendered":"http:\/\/ast-ski.ch\/?page_id=13"},"modified":"2021-04-21T16:21:24","modified_gmt":"2021-04-21T16:21:24","slug":"sponsoren","status":"publish","type":"page","link":"https:\/\/asv-ski.ch\/?page_id=13","title":{"rendered":"Sponsoren"},"content":{"rendered":"\n<p>Skifahren ist ein aufw\u00e4ndiger Sport. Um die finanzielle Belastung unserer Athleten zu verringern sind wir auf Sponsoren angewiesen. Nur so k\u00f6nnen wir unseren Auftrag wahrnehmen und den Skisport im Aargau f\u00fcr alle Kinder f\u00f6rdern.<\/p>\n\n\n\n<p>Wir danken unseren Sponsoren.<br><a href=\"https:\/\/www.ag.ch\/de\/bks\/sport_ausserschulische_jugendfoerderung\/sportfonds\/sportfonds.jsp\"><img loading=\"lazy\" decoding=\"async\" class=\"alignnone size-medium wp-image-1006\" src=\"https:\/\/asv-ski.ch\/wp-content\/uploads\/2018\/09\/130_4s_swisslos_sportfonds-300x143.jpg\" alt=\"\" width=\"300\" height=\"143\" srcset=\"https:\/\/asv-ski.ch\/wp-content\/uploads\/2018\/09\/130_4s_swisslos_sportfonds-300x143.jpg 300w, https:\/\/asv-ski.ch\/wp-content\/uploads\/2018\/09\/130_4s_swisslos_sportfonds-768x366.jpg 768w, https:\/\/asv-ski.ch\/wp-content\/uploads\/2018\/09\/130_4s_swisslos_sportfonds-1024x488.jpg 1024w, https:\/\/asv-ski.ch\/wp-content\/uploads\/2018\/09\/130_4s_swisslos_sportfonds.jpg 1098w\" sizes=\"auto, (max-width: 300px) 100vw, 300px\" \/><\/a><\/p>\n\n\n\n<figure class=\"wp-block-image\"><a href=\"https:\/\/wep.ch\/\"><img loading=\"lazy\" decoding=\"async\" width=\"300\" height=\"58\" src=\"https:\/\/asv-ski.ch\/wp-content\/uploads\/2020\/10\/WEP-300x58.jpg\" alt=\"\" class=\"wp-image-1517\" srcset=\"https:\/\/asv-ski.ch\/wp-content\/uploads\/2020\/10\/WEP-300x58.jpg 300w, https:\/\/asv-ski.ch\/wp-content\/uploads\/2020\/10\/WEP.jpg 605w\" sizes=\"auto, (max-width: 300px) 100vw, 300px\" \/><\/a><\/figure>\n\n\n\n<figure class=\"wp-block-image\"><a href=\"https:\/\/www.albanisport.ch\"><img loading=\"lazy\" decoding=\"async\" width=\"300\" height=\"105\" src=\"https:\/\/asv-ski.ch\/wp-content\/uploads\/2018\/09\/Logo_Albani_60-300x105.png\" alt=\"\" class=\"wp-image-1010\" srcset=\"https:\/\/asv-ski.ch\/wp-content\/uploads\/2018\/09\/Logo_Albani_60-300x105.png 300w, https:\/\/asv-ski.ch\/wp-content\/uploads\/2018\/09\/Logo_Albani_60-768x268.png 768w, https:\/\/asv-ski.ch\/wp-content\/uploads\/2018\/09\/Logo_Albani_60-1024x358.png 1024w, https:\/\/asv-ski.ch\/wp-content\/uploads\/2018\/09\/Logo_Albani_60.png 1514w\" sizes=\"auto, (max-width: 300px) 100vw, 300px\" \/><\/a><\/figure>\n\n\n\n<figure class=\"wp-block-image\"><a href=\"https:\/\/www.hero.ch\/\"><img loading=\"lazy\" decoding=\"async\" width=\"300\" height=\"149\" src=\"https:\/\/asv-ski.ch\/wp-content\/uploads\/2019\/11\/Hero-Markenlogo-Retail-1886-II-300x149.jpg\" alt=\"\" class=\"wp-image-1331\" srcset=\"https:\/\/asv-ski.ch\/wp-content\/uploads\/2019\/11\/Hero-Markenlogo-Retail-1886-II-300x149.jpg 300w, https:\/\/asv-ski.ch\/wp-content\/uploads\/2019\/11\/Hero-Markenlogo-Retail-1886-II-1024x508.jpg 1024w, https:\/\/asv-ski.ch\/wp-content\/uploads\/2019\/11\/Hero-Markenlogo-Retail-1886-II-768x381.jpg 768w, https:\/\/asv-ski.ch\/wp-content\/uploads\/2019\/11\/Hero-Markenlogo-Retail-1886-II-1536x762.jpg 1536w, https:\/\/asv-ski.ch\/wp-content\/uploads\/2019\/11\/Hero-Markenlogo-Retail-1886-II.jpg 2039w\" sizes=\"auto, (max-width: 300px) 100vw, 300px\" \/><\/a><\/figure>\n\n\n\n<figure class=\"wp-block-image\"><a href=\"https:\/\/www.pfister.ch\"><img loading=\"lazy\" decoding=\"async\" width=\"300\" height=\"117\" src=\"https:\/\/asv-ski.ch\/wp-content\/uploads\/2020\/10\/Pfister-300x117.png\" alt=\"\" class=\"wp-image-1512\" srcset=\"https:\/\/asv-ski.ch\/wp-content\/uploads\/2020\/10\/Pfister-300x117.png 300w, https:\/\/asv-ski.ch\/wp-content\/uploads\/2020\/10\/Pfister.png 539w\" sizes=\"auto, (max-width: 300px) 100vw, 300px\" \/><\/a><\/figure>\n\n\n\n<figure class=\"wp-block-image size-large is-resized\"><a href=\"https:\/\/www.praxis-cerletti.ch\/\"><img loading=\"lazy\" decoding=\"async\" src=\"https:\/\/asv-ski.ch\/wp-content\/uploads\/2021\/04\/Logo-Cerletti.png\" alt=\"\" class=\"wp-image-1628\" width=\"288\" height=\"188\" srcset=\"https:\/\/asv-ski.ch\/wp-content\/uploads\/2021\/04\/Logo-Cerletti.png 605w, https:\/\/asv-ski.ch\/wp-content\/uploads\/2021\/04\/Logo-Cerletti-300x196.png 300w\" sizes=\"auto, (max-width: 288px) 100vw, 288px\" \/><\/a><\/figure>\n\n\n\n<figure class=\"wp-block-image size-large is-resized\"><a href=\"https:\/\/www.fahrschule-laeuppi.ch\/\"><img loading=\"lazy\" decoding=\"async\" src=\"https:\/\/asv-ski.ch\/wp-content\/uploads\/2021\/04\/Logo-Laeuppi.jpg\" alt=\"\" class=\"wp-image-1630\" width=\"291\" height=\"111\" srcset=\"https:\/\/asv-ski.ch\/wp-content\/uploads\/2021\/04\/Logo-Laeuppi.jpg 333w, https:\/\/asv-ski.ch\/wp-content\/uploads\/2021\/04\/Logo-Laeuppi-300x114.jpg 300w\" sizes=\"auto, (max-width: 291px) 100vw, 291px\" \/><\/a><\/figure>\n\n\n\n<figure class=\"wp-block-image size-large is-resized\"><a href=\"https:\/\/www.orthoaarau.ch\/home\"><img loading=\"lazy\" decoding=\"async\" src=\"https:\/\/asv-ski.ch\/wp-content\/uploads\/2021\/04\/Logo-Ortho-Aarau.png\" alt=\"\" class=\"wp-image-1631\" width=\"295\" height=\"140\" srcset=\"https:\/\/asv-ski.ch\/wp-content\/uploads\/2021\/04\/Logo-Ortho-Aarau.png 632w, https:\/\/asv-ski.ch\/wp-content\/uploads\/2021\/04\/Logo-Ortho-Aarau-300x142.png 300w\" sizes=\"auto, (max-width: 295px) 100vw, 295px\" \/><\/a><\/figure>\n","protected":false},"excerpt":{"rendered":"<p>Skifahren ist ein aufw\u00e4ndiger Sport. Um die finanzielle Belastung unserer Athleten zu verringern sind wir auf Sponsoren angewiesen. Nur so k\u00f6nnen wir unseren Auftrag wahrnehmen und den Skisport im Aargau f\u00fcr alle Kinder f\u00f6rdern. Wir danken unseren Sponsoren.<\/p>\n","protected":false},"author":2,"featured_media":0,"parent":0,"menu_order":0,"comment_status":"closed","ping_status":"closed","template":"","meta":{"footnotes":""},"class_list":["post-13","page","type-page","status-publish","czr-hentry"],"_links":{"self":[{"href":"https:\/\/asv-ski.ch\/index.php?rest_route=\/wp\/v2\/pages\/13","targetHints":{"allow":["GET"]}}],"collection":[{"href":"https:\/\/asv-ski.ch\/index.php?rest_route=\/wp\/v2\/pages"}],"about":[{"href":"https:\/\/asv-ski.ch\/index.php?rest_route=\/wp\/v2\/types\/page"}],"author":[{"embeddable":true,"href":"https:\/\/asv-ski.ch\/index.php?rest_route=\/wp\/v2\/users\/2"}],"replies":[{"embeddable":true,"href":"https:\/\/asv-ski.ch\/index.php?rest_route=%2Fwp%2Fv2%2Fcomments&post=13"}],"version-history":[{"count":18,"href":"https:\/\/asv-ski.ch\/index.php?rest_route=\/wp\/v2\/pages\/13\/revisions"}],"predecessor-version":[{"id":1633,"href":"https:\/\/asv-ski.ch\/index.php?rest_route=\/wp\/v2\/pages\/13\/revisions\/1633"}],"wp:attachment":[{"href":"https:\/\/asv-ski.ch\/index.php?rest_route=%2Fwp%2Fv2%2Fmedia&parent=13"}],"curies":[{"name":"wp","href":"https:\/\/api.w.org\/{rel}","templated":true}]}}