{"id":137,"date":"2016-05-09T21:51:25","date_gmt":"2016-05-09T21:51:25","guid":{"rendered":"http:\/\/ast-ski.ch\/?page_id=137"},"modified":"2020-11-17T19:33:09","modified_gmt":"2020-11-17T19:33:09","slug":"geschichte-des-ast","status":"publish","type":"page","link":"https:\/\/asv-ski.ch\/?page_id=137","title":{"rendered":"Geschichte des ASV"},"content":{"rendered":"<div class=\"content\">\n<p>&nbsp;<\/p>\n<p>Im Jahre 1987 wurde der KASC (Kantonalverband der&nbsp;Aargauer Skiclubs) gegr\u00fcndet.<\/p>\n<p>&nbsp;<\/p>\n<p>Zum 20-j\u00e4hrigen Jubil\u00e4um luden wir im Juni 2007 alle ehemaligen Rennfahrer, Trainer, Vorst\u00e4ndler &amp; Gr\u00fcnder ein. Hier ein paar tolle Bilder aus &#8222;alten Zeiten&#8220;, welche mehr erkl\u00e4ren als viele Worte.<\/p>\n<p>&nbsp;<\/p>\n<p>Der erste Anzug 1987<\/p>\n<p><img loading=\"lazy\" decoding=\"async\" class=\"alignnone size-medium wp-image-144\" src=\"https:\/\/asv-ski.ch\/wp-content\/uploads\/2016\/05\/20-Jahre_pic1-300x185.jpg\" alt=\"20 Jahre_pic1\" width=\"300\" height=\"185\" srcset=\"https:\/\/asv-ski.ch\/wp-content\/uploads\/2016\/05\/20-Jahre_pic1-300x185.jpg 300w, https:\/\/asv-ski.ch\/wp-content\/uploads\/2016\/05\/20-Jahre_pic1.jpg 448w\" sizes=\"auto, (max-width: 300px) 100vw, 300px\" \/><\/p>\n<p>&nbsp;<\/p>\n<p>Der&nbsp;erste Trainingsanzug 1990<\/p>\n<p><img loading=\"lazy\" decoding=\"async\" src=\"https:\/\/asv-ski.ch\/wp-content\/uploads\/2016\/05\/20-Jahre_pic2.jpg\" alt=\"\" width=\"448\" height=\"254\" border=\"0\"><\/p>\n<p>&nbsp;<\/p>\n<p>Der zweite Anzug 1994<\/p>\n<p><img loading=\"lazy\" decoding=\"async\" style=\"width: 385px; height: 255px;\" src=\"\/media\/images\/20%20Jahre_pic3.jpg\" alt=\"\" width=\"448\" height=\"288\" border=\"0\"><\/p>\n<p>&nbsp;<\/p>\n<p>Sichtungstag Engelberg&nbsp;1994 (tolle Kopfbedeckungen *smile*)<\/p>\n<p><img loading=\"lazy\" decoding=\"async\" style=\"width: 391px; height: 198px;\" src=\"https:\/\/asv-ski.ch\/wp-content\/uploads\/2016\/05\/20-Jahre_pic12.jpg\" alt=\"\" width=\"683\" height=\"339\" border=\"0\"><\/p>\n<p>&nbsp;<\/p>\n<p>Sichtungstag Engelberg ca. 1995<\/p>\n<p><img loading=\"lazy\" decoding=\"async\" style=\"width: 488px; height: 280px;\" src=\"https:\/\/asv-ski.ch\/wp-content\/uploads\/2016\/05\/20-Jahre_pic4.jpg\" alt=\"\" width=\"936\" height=\"540\" border=\"0\"><\/p>\n<p>&nbsp;<\/p>\n<p>Training Zermatt Sommer 1995<\/p>\n<p><img loading=\"lazy\" decoding=\"async\" style=\"width: 483px; height: 359px;\" src=\"https:\/\/asv-ski.ch\/wp-content\/uploads\/2016\/05\/20-Jahre_pic5.jpg\" alt=\"\" width=\"697\" height=\"495\" border=\"0\"><\/p>\n<p>&nbsp;<\/p>\n<p>&nbsp;<\/p>\n<p>Der dritte Anzug ca. 1998<\/p>\n<p><img loading=\"lazy\" decoding=\"async\" style=\"width: 521px; height: 326px;\" src=\"https:\/\/asv-ski.ch\/wp-content\/uploads\/2016\/05\/20-Jahre_pic7.jpg\" alt=\"\" width=\"459\" height=\"309\" border=\"0\"><\/p>\n<p>&nbsp;<\/p>\n<p>Nach einem Rennen&nbsp;1999<\/p>\n<p><img loading=\"lazy\" decoding=\"async\" style=\"width: 351px; height: 352px;\" src=\"https:\/\/asv-ski.ch\/wp-content\/uploads\/2016\/05\/20-Jahre_pic6.jpg\" alt=\"\" width=\"621\" height=\"543\" border=\"0\"><\/p>\n<p>Neuer&nbsp;Anzug 2003<\/p>\n<p><img loading=\"lazy\" decoding=\"async\" style=\"width: 434px; height: 204px;\" src=\"https:\/\/asv-ski.ch\/wp-content\/uploads\/2016\/05\/20-Jahre_pic8.jpg\" alt=\"\" width=\"889\" height=\"413\" border=\"0\"><\/p>\n<p>&nbsp;<\/p>\n<p>Trainingsweekend in&nbsp;Saas-Fee 2006<\/p>\n<p><img loading=\"lazy\" decoding=\"async\" style=\"width: 462px; height: 291px;\" src=\"https:\/\/asv-ski.ch\/wp-content\/uploads\/2016\/05\/20-Jahre_pic9.jpg\" alt=\"\" width=\"905\" height=\"569\" border=\"0\"><\/p>\n<p>&nbsp;<\/p>\n<p>Neue Softgels, Trainingswoche Zermatt 2007<\/p>\n<p><img loading=\"lazy\" decoding=\"async\" style=\"width: 482px; height: 281px;\" src=\"https:\/\/asv-ski.ch\/wp-content\/uploads\/2016\/05\/20-Jahre_pic10.jpg\" alt=\"\" width=\"848\" height=\"464\" border=\"0\"><\/p>\n<p>&nbsp;<\/p>\n<p>Neuer Anzug 2007<\/p>\n<p><img loading=\"lazy\" decoding=\"async\" style=\"width: 443px; height: 295px;\" src=\"https:\/\/asv-ski.ch\/wp-content\/uploads\/2016\/05\/20-Jahre_pic11.jpg\" alt=\"\" width=\"547\" height=\"354\" border=\"0\"><\/p>\n<\/div>\n","protected":false},"excerpt":{"rendered":"<p>&nbsp; Im Jahre 1987 wurde der KASC (Kantonalverband der&nbsp;Aargauer Skiclubs) gegr\u00fcndet. &nbsp; Zum 20-j\u00e4hrigen Jubil\u00e4um luden wir im Juni 2007 alle ehemaligen Rennfahrer, Trainer, Vorst\u00e4ndler &amp; Gr\u00fcnder ein. Hier ein paar tolle Bilder aus &#8222;alten Zeiten&#8220;, welche mehr erkl\u00e4ren als viele Worte. &nbsp; Der erste Anzug 1987 &nbsp; Der&nbsp;erste Trainingsanzug 1990 &nbsp; Der zweite Anzug [&hellip;]<\/p>\n","protected":false},"author":2,"featured_media":0,"parent":4,"menu_order":0,"comment_status":"closed","ping_status":"closed","template":"","meta":{"footnotes":""},"class_list":["post-137","page","type-page","status-publish","czr-hentry"],"_links":{"self":[{"href":"https:\/\/asv-ski.ch\/index.php?rest_route=\/wp\/v2\/pages\/137","targetHints":{"allow":["GET"]}}],"collection":[{"href":"https:\/\/asv-ski.ch\/index.php?rest_route=\/wp\/v2\/pages"}],"about":[{"href":"https:\/\/asv-ski.ch\/index.php?rest_route=\/wp\/v2\/types\/page"}],"author":[{"embeddable":true,"href":"https:\/\/asv-ski.ch\/index.php?rest_route=\/wp\/v2\/users\/2"}],"replies":[{"embeddable":true,"href":"https:\/\/asv-ski.ch\/index.php?rest_route=%2Fwp%2Fv2%2Fcomments&post=137"}],"version-history":[{"count":7,"href":"https:\/\/asv-ski.ch\/index.php?rest_route=\/wp\/v2\/pages\/137\/revisions"}],"predecessor-version":[{"id":1562,"href":"https:\/\/asv-ski.ch\/index.php?rest_route=\/wp\/v2\/pages\/137\/revisions\/1562"}],"up":[{"embeddable":true,"href":"https:\/\/asv-ski.ch\/index.php?rest_route=\/wp\/v2\/pages\/4"}],"wp:attachment":[{"href":"https:\/\/asv-ski.ch\/index.php?rest_route=%2Fwp%2Fv2%2Fmedia&parent=137"}],"curies":[{"name":"wp","href":"https:\/\/api.w.org\/{rel}","templated":true}]}}