{"id":1520,"date":"2020-11-12T09:39:57","date_gmt":"2020-11-12T09:39:57","guid":{"rendered":"https:\/\/asv-ski.ch\/?page_id=1520"},"modified":"2021-10-12T19:06:26","modified_gmt":"2021-10-12T19:06:26","slug":"jo-kader-11-bis-15-jahre","status":"publish","type":"page","link":"https:\/\/asv-ski.ch\/?page_id=1520","title":{"rendered":"ASV U16 Kader (11 bis 15 Jahre)"},"content":{"rendered":"\n<p>Das U16-Kader stellt ein Trainingsgef\u00e4ss auf der Stufe Leistungssport dar. Es finden verbindlich w\u00f6chentliche Konditionstraining statt in der Region Aarau, Baden oder Lenzburg. Durch den Sommer wird grunds\u00e4tzlich draussen, w\u00e4hrend dem Winterhalbjahr in der Turnhalle trainiert. Zum Programm kommen zwei Konditionslager dazu. Die ersten Skitrainings auf dem Gletscher beginnen im August\/ anfangs September. Die ersten Skirennen starten im Dezember. Ab Januar finden w\u00f6chentliche Skitrainings jeweils am Mittwochnachmittag statt.<br>Der Fokus in diesem Team liegt auf der leistungsorientierten Nachwuchsf\u00f6rderung im Skirennsport.<\/p>\n\n\n\n<figure class=\"wp-block-table\"><table><tbody><tr><th>Disziplin<\/th><th>Kader<\/th><th>Name<\/th><th>Jahrgang<\/th><th>Ort<\/th><th>Skiclub<\/th><\/tr><tr><td>Alpin<\/td><td>U12<\/td><td>Sarina Salm<\/td><td>2010<\/td><td>W\u00fcrenlingen<\/td><td><\/td><\/tr><tr><td>Alpin<\/td><td>U14<\/td><td>Ben Hauser<\/td><td>2009<\/td><td>Egliswil<\/td><td>SC Lenzburg<\/td><\/tr><tr><td>Alpin<\/td><td>U14<\/td><td>Gil Galavotti<\/td><td>2009<\/td><td>Brugg<\/td><td>SC Lenzburg<\/td><\/tr><tr><td>Alpin<\/td><td>U14<\/td><td>Mattia Arrigoni<\/td><td>2008<\/td><td>Brugg<\/td><td>SC Lenzburg<\/td><\/tr><tr><td>Alpin<\/td><td>U14<\/td><td>Yael Wernli<\/td><td>2008<\/td><td>Thalheim<\/td><td>SC Lenzburg<\/td><\/tr><tr><td>Alpin<\/td><td>U14<\/td><td>Elizabeth Puschitz<\/td><td>2008<\/td><td>Mellingen<\/td><td>SC Lenzburg<\/td><\/tr><tr><td>Alpin<\/td><td>U14<\/td><td>Noe Wernli<\/td><td>2008<\/td><td>Thalheim<\/td><td><\/td><\/tr><tr><td>Alpin<\/td><td>U16<\/td><td>Lucien L\u00e4uppi<\/td><td>2007<\/td><td>Beinwil am See<\/td><td>SC Lenzburg<\/td><\/tr><tr><td>Alpin<\/td><td>U16<\/td><td>Alina Wernli<\/td><td>2006<\/td><td>Thalheim<\/td><td>SC Lenzburg<\/td><\/tr><\/tbody><\/table><\/figure>\n\n\n\n<p><\/p>\n","protected":false},"excerpt":{"rendered":"<p>Das U16-Kader stellt ein Trainingsgef\u00e4ss auf der Stufe Leistungssport dar. Es finden verbindlich w\u00f6chentliche Konditionstraining statt in der Region Aarau, Baden oder Lenzburg. Durch den Sommer wird grunds\u00e4tzlich draussen, w\u00e4hrend dem Winterhalbjahr in der Turnhalle trainiert. Zum Programm kommen zwei Konditionslager dazu. Die ersten Skitrainings auf dem Gletscher beginnen im August\/ anfangs September. Die ersten [&hellip;]<\/p>\n","protected":false},"author":2,"featured_media":0,"parent":7,"menu_order":0,"comment_status":"closed","ping_status":"closed","template":"","meta":{"footnotes":""},"class_list":["post-1520","page","type-page","status-publish","czr-hentry"],"_links":{"self":[{"href":"https:\/\/asv-ski.ch\/index.php?rest_route=\/wp\/v2\/pages\/1520","targetHints":{"allow":["GET"]}}],"collection":[{"href":"https:\/\/asv-ski.ch\/index.php?rest_route=\/wp\/v2\/pages"}],"about":[{"href":"https:\/\/asv-ski.ch\/index.php?rest_route=\/wp\/v2\/types\/page"}],"author":[{"embeddable":true,"href":"https:\/\/asv-ski.ch\/index.php?rest_route=\/wp\/v2\/users\/2"}],"replies":[{"embeddable":true,"href":"https:\/\/asv-ski.ch\/index.php?rest_route=%2Fwp%2Fv2%2Fcomments&post=1520"}],"version-history":[{"count":9,"href":"https:\/\/asv-ski.ch\/index.php?rest_route=\/wp\/v2\/pages\/1520\/revisions"}],"predecessor-version":[{"id":1686,"href":"https:\/\/asv-ski.ch\/index.php?rest_route=\/wp\/v2\/pages\/1520\/revisions\/1686"}],"up":[{"embeddable":true,"href":"https:\/\/asv-ski.ch\/index.php?rest_route=\/wp\/v2\/pages\/7"}],"wp:attachment":[{"href":"https:\/\/asv-ski.ch\/index.php?rest_route=%2Fwp%2Fv2%2Fmedia&parent=1520"}],"curies":[{"name":"wp","href":"https:\/\/api.w.org\/{rel}","templated":true}]}}