{"id":1524,"date":"2020-11-12T09:42:20","date_gmt":"2020-11-12T09:42:20","guid":{"rendered":"https:\/\/asv-ski.ch\/?page_id=1524"},"modified":"2021-10-12T19:07:03","modified_gmt":"2021-10-12T19:07:03","slug":"js-skigruppe-11-bis-18-jahre","status":"publish","type":"page","link":"https:\/\/asv-ski.ch\/?page_id=1524","title":{"rendered":"ASV Race (11 bis 18 Jahre)"},"content":{"rendered":"\n<p>Im Anschluss an das Rookie Team gibt es die M\u00f6glichkeit den Skirennsport als Breitensport weiter zu betreiben. Der Fokus der Gruppe liegt auf die Gruppenzusammengeh\u00f6rigkeit, den Spass auf und neben dem Schnee, sowie die Verbesserung der eigenen Skitechnik.<br>Es finden w\u00f6chentliche Konditionstrainings statt in der Region Aarau, Baden oder Lenzburg. Durch den Sommer sind wir grunds\u00e4tzlich draussen, durch das Winterhalbjahr treffen wir uns in der Turnhalle. Durch den Sommer gibt es ein Konditionslager und w\u00e4hrend den Herbstferien steht das Herbstskilager (5 Tage) auf dem Programm. Ab November werden rund 10 Skitrainings und Skirennen an den Wochenenden bestritten. Zus\u00e4tzlich gibt\u2019s die M\u00f6glichkeit an freiwilligen Mittwochnachmittag-Skitrainings teilzunehmen.<\/p>\n\n\n\n<figure class=\"wp-block-table\"><table><tbody><tr><th>Disziplin<\/th><th>Kader<\/th><th>Name<\/th><th>Jahrgang<\/th><th>Ort<\/th><th>Skiclub<\/th><\/tr><tr><td>Alpin<\/td><td>U12<\/td><td>Julian Dietiker<\/td><td>2010<\/td><td>Lupfig<\/td><td>SC Lenzbrug<\/td><\/tr><tr><td>Alpin<\/td><td>U14<\/td><td>Nicole Kr\u00e4nzlin<\/td><td>2009<\/td><td>Mellingen<\/td><td>&#8211;<\/td><\/tr><tr><td>Alpin<\/td><td>U14<\/td><td>Ben Hauser<\/td><td>2009<\/td><td>Egliswil<\/td><td>SC Lenzburg<\/td><\/tr><tr><td>Alpin<\/td><td>U14<\/td><td>Clara Schneider Grino<\/td><td>2008<\/td><td>K\u00fcttigen<\/td><td>&#8211;<\/td><\/tr><tr><td>Alpin<\/td><td>U16<\/td><td>Julia Kr\u00e4nzlin<\/td><td>2007<\/td><td>Mellingen<\/td><td>&#8211;<\/td><\/tr><tr><td>Alpin<\/td><td>U16<\/td><td>Joana Joy Budmiger<\/td><td>2007<\/td><td>Gontenschwil<\/td><td>SC Lenzburg<\/td><\/tr><tr><td>Alpin<\/td><td>U16<\/td><td>Caroline Klemm<\/td><td>2007<\/td><td>Niederlenz<\/td><td>SC Lenzburg<\/td><\/tr><\/tbody><\/table><\/figure>\n","protected":false},"excerpt":{"rendered":"<p>Im Anschluss an das Rookie Team gibt es die M\u00f6glichkeit den Skirennsport als Breitensport weiter zu betreiben. Der Fokus der Gruppe liegt auf die Gruppenzusammengeh\u00f6rigkeit, den Spass auf und neben dem Schnee, sowie die Verbesserung der eigenen Skitechnik.Es finden w\u00f6chentliche Konditionstrainings statt in der Region Aarau, Baden oder Lenzburg. Durch den Sommer sind wir grunds\u00e4tzlich [&hellip;]<\/p>\n","protected":false},"author":2,"featured_media":0,"parent":7,"menu_order":0,"comment_status":"closed","ping_status":"closed","template":"","meta":{"footnotes":""},"class_list":["post-1524","page","type-page","status-publish","czr-hentry"],"_links":{"self":[{"href":"https:\/\/asv-ski.ch\/index.php?rest_route=\/wp\/v2\/pages\/1524","targetHints":{"allow":["GET"]}}],"collection":[{"href":"https:\/\/asv-ski.ch\/index.php?rest_route=\/wp\/v2\/pages"}],"about":[{"href":"https:\/\/asv-ski.ch\/index.php?rest_route=\/wp\/v2\/types\/page"}],"author":[{"embeddable":true,"href":"https:\/\/asv-ski.ch\/index.php?rest_route=\/wp\/v2\/users\/2"}],"replies":[{"embeddable":true,"href":"https:\/\/asv-ski.ch\/index.php?rest_route=%2Fwp%2Fv2%2Fcomments&post=1524"}],"version-history":[{"count":6,"href":"https:\/\/asv-ski.ch\/index.php?rest_route=\/wp\/v2\/pages\/1524\/revisions"}],"predecessor-version":[{"id":1687,"href":"https:\/\/asv-ski.ch\/index.php?rest_route=\/wp\/v2\/pages\/1524\/revisions\/1687"}],"up":[{"embeddable":true,"href":"https:\/\/asv-ski.ch\/index.php?rest_route=\/wp\/v2\/pages\/7"}],"wp:attachment":[{"href":"https:\/\/asv-ski.ch\/index.php?rest_route=%2Fwp%2Fv2%2Fmedia&parent=1524"}],"curies":[{"name":"wp","href":"https:\/\/api.w.org\/{rel}","templated":true}]}}