{"id":1526,"date":"2020-11-12T09:42:51","date_gmt":"2020-11-12T09:42:51","guid":{"rendered":"https:\/\/asv-ski.ch\/?page_id=1526"},"modified":"2021-10-12T19:03:26","modified_gmt":"2021-10-12T19:03:26","slug":"animation-team-7-bis-10-jahre","status":"publish","type":"page","link":"https:\/\/asv-ski.ch\/?page_id=1526","title":{"rendered":"ASV Rookies (7 bis 10 Jahre)"},"content":{"rendered":"\n<p>Das Rookies Team bietet den Einstieg f\u00fcr unsere j\u00fcngsten Mitglieder. Ihnen wird auf spielerische Art und Weise der Skirennsport n\u00e4hergebracht. Obschon die Freude und der Spass im Vordergrund stehen, werden die Teilnehmer auch auf ihrem sportlichen Niveau optimal abgeholt.<br>Es finden w\u00f6chentliche Konditionstrainings statt in der Region Aarau, Baden oder Lenzburg. Durch den Sommer sind wir grunds\u00e4tzlich draussen, durch das Winterhalbjahr treffen wir uns in der Turnhalle. Durch den Sommer gibt es ein Konditionslager. Ab November werden rund 10 Skitrainings und 4 Skirennen an den Wochenenden bestritten. Zus\u00e4tzlich gibt\u2019s die M\u00f6glichkeit an freiwilligen Mittwochnachmittag-Skitrainings teilzunehmen.<\/p>\n\n\n\n<p><\/p>\n\n\n\n<figure class=\"wp-block-table is-style-stripes\"><table><tbody><tr><th>Disziplin<\/th><th>Kader<\/th><th>Name<\/th><th>Jahrgang<\/th><th>Ort<\/th><th>Skiclub<\/th><\/tr><tr><td>&nbsp;<\/td><td><\/td><td>&nbsp;<\/td><td>&nbsp;<\/td><td>&nbsp;<\/td><td><\/td><\/tr><tr><td>Alpin<\/td><td>U11<\/td><td>Giacumin Cerletti<\/td><td>2013<\/td><td>M\u00f6riken<\/td><td>SC Lenzburg<\/td><\/tr><tr><td>Alpin<\/td><td>U11<\/td><td>Manuel Furter<\/td><td>2012<\/td><td>Oberentfelden<\/td><td><\/td><\/tr><tr><td>Alpin<\/td><td>U11<\/td><td>Sascha Flurin Hugener<\/td><td>2012<\/td><td>Tennwil<\/td><td><\/td><\/tr><tr><td>Alpin<\/td><td>U11<\/td><td>Carl-Louis Wolter<\/td><td>2012<\/td><td>Zufikon<\/td><td>SC Lenzburg<\/td><\/tr><tr><td>Alpin<\/td><td>U11<\/td><td>Rafael Salm<\/td><td>2012<\/td><td>W\u00fcrenlingen<\/td><td><\/td><\/tr><tr><td>Alpin<\/td><td>U11<\/td><td>Patricia Klemm<\/td><td>2011<\/td><td>Niederlenz<\/td><td>SC Lenzburg<\/td><\/tr><tr><td>Alpin<\/td><td>U11<\/td><td>Diego Imhof<\/td><td>2011<\/td><td>Lupfig<\/td><td><\/td><\/tr><tr><td>Alpin<\/td><td>U11<\/td><td>Maximilian Puschitz<\/td><td>2011<\/td><td>Mellingen<\/td><td>SC Lenzburg<\/td><\/tr><\/tbody><\/table><\/figure>\n\n\n\n<p><\/p>\n","protected":false},"excerpt":{"rendered":"<p>Das Rookies Team bietet den Einstieg f\u00fcr unsere j\u00fcngsten Mitglieder. Ihnen wird auf spielerische Art und Weise der Skirennsport n\u00e4hergebracht. Obschon die Freude und der Spass im Vordergrund stehen, werden die Teilnehmer auch auf ihrem sportlichen Niveau optimal abgeholt.Es finden w\u00f6chentliche Konditionstrainings statt in der Region Aarau, Baden oder Lenzburg. Durch den Sommer sind wir [&hellip;]<\/p>\n","protected":false},"author":2,"featured_media":0,"parent":7,"menu_order":0,"comment_status":"closed","ping_status":"closed","template":"","meta":{"footnotes":""},"class_list":["post-1526","page","type-page","status-publish","czr-hentry"],"_links":{"self":[{"href":"https:\/\/asv-ski.ch\/index.php?rest_route=\/wp\/v2\/pages\/1526","targetHints":{"allow":["GET"]}}],"collection":[{"href":"https:\/\/asv-ski.ch\/index.php?rest_route=\/wp\/v2\/pages"}],"about":[{"href":"https:\/\/asv-ski.ch\/index.php?rest_route=\/wp\/v2\/types\/page"}],"author":[{"embeddable":true,"href":"https:\/\/asv-ski.ch\/index.php?rest_route=\/wp\/v2\/users\/2"}],"replies":[{"embeddable":true,"href":"https:\/\/asv-ski.ch\/index.php?rest_route=%2Fwp%2Fv2%2Fcomments&post=1526"}],"version-history":[{"count":5,"href":"https:\/\/asv-ski.ch\/index.php?rest_route=\/wp\/v2\/pages\/1526\/revisions"}],"predecessor-version":[{"id":1683,"href":"https:\/\/asv-ski.ch\/index.php?rest_route=\/wp\/v2\/pages\/1526\/revisions\/1683"}],"up":[{"embeddable":true,"href":"https:\/\/asv-ski.ch\/index.php?rest_route=\/wp\/v2\/pages\/7"}],"wp:attachment":[{"href":"https:\/\/asv-ski.ch\/index.php?rest_route=%2Fwp%2Fv2%2Fmedia&parent=1526"}],"curies":[{"name":"wp","href":"https:\/\/api.w.org\/{rel}","templated":true}]}}