{"id":382,"date":"2017-01-10T18:12:10","date_gmt":"2017-01-10T18:12:10","guid":{"rendered":"http:\/\/ast-ski.ch\/?page_id=382"},"modified":"2020-12-29T16:19:28","modified_gmt":"2020-12-29T16:19:28","slug":"junioren","status":"publish","type":"page","link":"https:\/\/asv-ski.ch\/?page_id=382","title":{"rendered":"ASV U23 Kader (16 bis 20 Jahre)"},"content":{"rendered":"<p>Diejenigen Athleten, welche nach dem U16 Kader des ASV weiterhin Skirennsport betreiben m\u00f6chten, haben die M\u00f6glichkeit im U23 Kader Trainings mit der TG-Uri zu absolvieren.<\/p>\n<p>F\u00fcr weitere Informationen steht die <span style=\"color: #0000ff;\"><a style=\"color: #0000ff;\" href=\"http:\/\/www.urnerskiverband.ch\/alpin\/trainingsgemeinschaft\/\">Webseite der TG-Uri<\/a><\/span> zur Verf\u00fcgung oder kontaktiere uns direkt.<br \/>\n<a href=\"http:\/\/www.urnerskiverband.ch\/alpin\/trainingsgemeinschaft\/\"><br \/>\n<img loading=\"lazy\" decoding=\"async\" class=\"aligncenter wp-image-383 size-full\" src=\"https:\/\/asv-ski.ch\/wp-content\/uploads\/2017\/01\/logo_usv.png\" alt=\"logo_usv\" width=\"163\" height=\"127\" \/> <\/a><\/p>\n","protected":false},"excerpt":{"rendered":"<p>Diejenigen Athleten, welche nach dem U16 Kader des ASV weiterhin Skirennsport betreiben m\u00f6chten, haben die M\u00f6glichkeit im U23 Kader Trainings mit der TG-Uri zu absolvieren. F\u00fcr weitere Informationen steht die Webseite der TG-Uri zur Verf\u00fcgung oder kontaktiere uns direkt.<\/p>\n","protected":false},"author":2,"featured_media":0,"parent":7,"menu_order":0,"comment_status":"closed","ping_status":"closed","template":"","meta":{"footnotes":""},"class_list":["post-382","page","type-page","status-publish","czr-hentry"],"_links":{"self":[{"href":"https:\/\/asv-ski.ch\/index.php?rest_route=\/wp\/v2\/pages\/382","targetHints":{"allow":["GET"]}}],"collection":[{"href":"https:\/\/asv-ski.ch\/index.php?rest_route=\/wp\/v2\/pages"}],"about":[{"href":"https:\/\/asv-ski.ch\/index.php?rest_route=\/wp\/v2\/types\/page"}],"author":[{"embeddable":true,"href":"https:\/\/asv-ski.ch\/index.php?rest_route=\/wp\/v2\/users\/2"}],"replies":[{"embeddable":true,"href":"https:\/\/asv-ski.ch\/index.php?rest_route=%2Fwp%2Fv2%2Fcomments&post=382"}],"version-history":[{"count":11,"href":"https:\/\/asv-ski.ch\/index.php?rest_route=\/wp\/v2\/pages\/382\/revisions"}],"predecessor-version":[{"id":1613,"href":"https:\/\/asv-ski.ch\/index.php?rest_route=\/wp\/v2\/pages\/382\/revisions\/1613"}],"up":[{"embeddable":true,"href":"https:\/\/asv-ski.ch\/index.php?rest_route=\/wp\/v2\/pages\/7"}],"wp:attachment":[{"href":"https:\/\/asv-ski.ch\/index.php?rest_route=%2Fwp%2Fv2%2Fmedia&parent=382"}],"curies":[{"name":"wp","href":"https:\/\/api.w.org\/{rel}","templated":true}]}}