{"id":461,"date":"2017-03-09T17:50:22","date_gmt":"2017-03-09T17:50:22","guid":{"rendered":"http:\/\/ast-ski.ch\/?page_id=461"},"modified":"2025-01-28T10:13:12","modified_gmt":"2025-01-28T10:13:12","slug":"sichtungstag-2017","status":"publish","type":"page","link":"https:\/\/asv-ski.ch\/?page_id=461","title":{"rendered":"Probetrainings 2024"},"content":{"rendered":"\n<div class=\"wp-block-group\"><div class=\"wp-block-group__inner-container is-layout-flow wp-block-group-is-layout-flow\">\n<p>Das Probetraining wird am 23. M\u00e4rz 2025 in Elm stattfinden. Die Anmeldung ist offen, wir freuen uns auf dich!<\/p>\n<\/div><\/div>\n\n\n\n<p><strong>Datum: \u00a0\u00a0\u00a0\u00a0\u00a0\u00a0\u00a0\u00a0\u00a0\u00a0\u00a0\u00a0\u00a0\u00a0\u00a0\u00a0\u00a0\u00a0\u00a0 <\/strong>Sonntag, 23. M\u00e4rz 2025<\/p>\n\n\n\n<p><strong>Trainer: \u00a0\u00a0\u00a0\u00a0\u00a0\u00a0\u00a0\u00a0\u00a0\u00a0\u00a0\u00a0\u00a0\u00a0\u00a0\u00a0\u00a0\u00a0 <\/strong>Peter L\u00e4uppi, Nils Freyenmuth<\/p>\n\n\n\n<p><strong>Training: &nbsp;&nbsp;&nbsp;&nbsp;&nbsp;&nbsp;&nbsp;&nbsp;&nbsp;&nbsp;&nbsp;&nbsp;&nbsp;&nbsp;&nbsp;&nbsp; <\/strong>Probetraining, Riesenslalom und freies Skifahren<\/p>\n\n\n\n<p><strong>Besammlung: <\/strong>\u00a0\u00a0\u00a0\u00a0\u00a0\u00a0 08:30 Uhr Elm, Talstation Sportbahnen Elm<\/p>\n\n\n\n<p><strong>Trainingsende: \u00a0\u00a0\u00a0\u00a0 <\/strong>ca. 16.00 Uhr Elm, Talstation Sportbahnen Elm<\/p>\n\n\n\n<p><strong>Ausr\u00fcstung: &nbsp;&nbsp;&nbsp;&nbsp;&nbsp;&nbsp;&nbsp;&nbsp;&nbsp;&nbsp; <\/strong>Komplette Skiausr\u00fcstung inkl. Helm (wenn vorhanden GS-Ski und Schoner).<\/p>\n\n\n\n<p><strong>Kosten: &nbsp;&nbsp;&nbsp;&nbsp;&nbsp;&nbsp;&nbsp;&nbsp;&nbsp;&nbsp;&nbsp;&nbsp;&nbsp;&nbsp;&nbsp;&nbsp;&nbsp;&nbsp; <\/strong>Skitickets, muss selbst organisiert werden<\/p>\n\n\n\n<p><strong>Versicherung: &nbsp;&nbsp;&nbsp;&nbsp;&nbsp;&nbsp; <\/strong>Ist Sache der Teilnehmer<\/p>\n\n\n\n<div class=\"wp-block-group\"><div class=\"wp-block-group__inner-container is-layout-flow wp-block-group-is-layout-flow\">\n<div class=\"wp-block-group\"><div class=\"wp-block-group__inner-container is-layout-flow wp-block-group-is-layout-flow\">\n<p><strong>ASV Rookies (7 bis 10 Jahre)<\/strong><\/p>\n\n\n\n<p>Swiss-Ski-Skills F2 \/ Red League muss vorhanden sein (Swisssnowsports)<\/p>\n\n\n\n<ul class=\"wp-block-list\">\n<li>Parallelschwung in jedem Gel\u00e4nde<\/li>\n\n\n\n<li>Einbeinfahren in einfachem Gel\u00e4nde<\/li>\n\n\n\n<li>R\u00fcckw\u00e4rtsfahren in einfachem Gel\u00e4nde<\/li>\n<\/ul>\n\n\n\n<p><strong>ASV Race (11 bis 18 Jahre)<\/strong><\/p>\n\n\n\n<p>Swiss-Ski-Skills F2 \/ Red League muss vorhanden sein (Swisssnowsports)<\/p>\n\n\n\n<ul class=\"wp-block-list\">\n<li>Parallelschwung in jedem Gel\u00e4nde<\/li>\n\n\n\n<li>Einbeinfahren in einfachem Gel\u00e4nde<\/li>\n\n\n\n<li>R\u00fcckw\u00e4rtsfahren in einfachem Gel\u00e4nde<\/li>\n<\/ul>\n\n\n\n<p><strong>ASV U16 Kader (11 bis 15 Jahre)<\/strong><\/p>\n\n\n\n<p>Swiss-Ski-Skills F3 \/ Black League muss vorhanden sein (Swisssnowsports)<\/p>\n\n\n\n<ul class=\"wp-block-list\">\n<li>Geschnittener Parallelschwung in jedem Gel\u00e4nde<\/li>\n\n\n\n<li>Einbeinfahren in jedem Gel\u00e4nde<\/li>\n\n\n\n<li>R\u00fcckw\u00e4rtsfahren in jedem Gel\u00e4nde<\/li>\n\n\n\n<li>Pistentricks<\/li>\n<\/ul>\n\n\n\n<p>Selbstkompetenz: Eigenst\u00e4ndiges Trainieren<\/p>\n<\/div><\/div>\n\n\n\n<p><strong>ASV U23 Kader (16 bis 22 Jahre)<\/strong><\/p>\n\n\n\n<p>Erfahrung bei U16 Swiss-Ski-Punkterennen<\/p>\n\n\n\n<p><\/p>\n<\/div><\/div>\n\n\n\n<div class=\"wp-block-group\"><div class=\"wp-block-group__inner-container is-layout-flow wp-block-group-is-layout-flow\">\n<p class=\"has-medium-font-size\"><strong>Anmeldung<\/strong><\/p>\n\n\n\n<div class=\"wp-block-file\"><a id=\"wp-block-file--media-af2fc17e-9585-4d8d-beea-7e3c0078e368\" href=\"https:\/\/asv-ski.ch\/wp-content\/uploads\/2025\/01\/Flyer-Probetraining-2025.docx\">Flyer Probetraining 2025<\/a><a href=\"https:\/\/asv-ski.ch\/wp-content\/uploads\/2025\/01\/Flyer-Probetraining-2025.docx\" class=\"wp-block-file__button wp-element-button\" download aria-describedby=\"wp-block-file--media-af2fc17e-9585-4d8d-beea-7e3c0078e368\">Herunterladen<\/a><\/div>\n\n\n\n<div style=\"display:none\" class=\"fm-form-container fm-theme38\"><div id=\"fm-pages12\" class=\"fm-pages wdform_page_navigation \" show_title=\"false\" show_numbers=\"true\" type=\"none\"><\/div><form name=\"form12\" action=\"\/index.php?rest_route=%2Fwp%2Fv2%2Fpages%2F461\" method=\"post\" id=\"form12\" class=\"fm-form form12  \" enctype=\"multipart\/form-data\"><input type=\"hidden\" id=\"counter12\" value=\"20\" name=\"counter12\" \/><input type=\"hidden\" id=\"Itemid12\" value=\"\" name=\"Itemid12\" \/><input type=\"hidden\" id=\"fm_shake12\" value=\"1\" name=\"fm_shake12\" \/><input type=\"text\" class=\"fm-hide\" id=\"fm_empty_field_validation12\" value=\"\" name=\"fm_empty_field_validation12\" data-value=\"bd736efb144d599cf463541431fbf5c4\" \/><div class=\"wdform-page-and-images fm-form-builder\" style=\"display:table; border-top:0px solid black;\"><div id=\"12form_view1\" class=\"wdform_page\" page_title=\"Untitled page\" next_title=\"Next\" next_type=\"text\" next_class=\"wdform-page-button\" next_checkable=\"false\" previous_title=\"Previous\" previous_type=\"text\" previous_class=\"wdform-page-button\" previous_checkable=\"false\"><div class=\"wdform_section fm-col-1\"><div class=\"wdform_column\"><div class=\"wdform_row\" wdid=\"1\"><div type=\"type_radio\" class=\"wdform-field wd-width-100 wd-flex wd-flex-row\"><div class=\"wdform-label-section wd-width-30  wd-flex-wrap wd-flex-column\" style=\"max-width: 100px;\">    <label  class=\"wdform-label\">Geschlecht:<\/label><span class=\"wdform-required\">*<\/span><\/div><div class=\"wdform-element-section wd-flex  wd-flex-wrap wd-flex-column wd-width-70\" ><div class=\"wd-flex wd-flex-column\"><input type=\"hidden\" name=\"wdform_1_element12\" value=\"\" \/><div class=\"radio-div wd-choice wd-flex wd-flex-row-reverse wd-justify-content\"><input type=\"radio\"  id=\"wdform_1_element120\" name=\"wdform_1_element12\" value=\"m\" onclick=\"set_default(&quot;wdform_1&quot;,&quot;0&quot;,&quot;12&quot;); \"   \/><label class=\"wd-align-items-center wd-flex wd-flex-row-reverse wd-justify-content wd-width-100\" for=\"wdform_1_element120\"><span><\/span>m<\/label><\/div><div class=\"radio-div wd-choice wd-flex wd-flex-row-reverse wd-justify-content\"><input type=\"radio\"  id=\"wdform_1_element121\" name=\"wdform_1_element12\" value=\"w\" onclick=\"set_default(&quot;wdform_1&quot;,&quot;1&quot;,&quot;12&quot;); \"   \/><label class=\"wd-align-items-center wd-flex wd-flex-row-reverse wd-justify-content wd-width-100\" for=\"wdform_1_element121\"><span><\/span>w<\/label><\/div><\/div><\/div><\/div><\/div><\/div><div class=\"wdform_column\"><div class=\"wdform_row\" wdid=\"2\"><div type=\"type_name\" class=\"wdform-field wd-width-100 wd-flex wd-flex-row\"><div class=\"wdform-label-section wd-width-30  wd-flex-row\" style=\"max-width: 100px;\">    <label  for=\"wdform_2_element_first12\" class=\"wdform-label\">Name:<\/label><span class=\"wdform-required\">*<\/span><\/div><div class=\"wdform-element-section wd-flex  wd-flex-row wd-width-70\" style=\"max-width: 200px;\"><div class=\"wd-flex wd-flex-column wd-width-50\"><input type=\"text\" class=\"wd-width-100\" id=\"wdform_2_element_first12\" name=\"wdform_2_element_first12\" value=\"\" title=\"\" placeholder=\"\"  \/><label class=\"mini_label\" for=\"wdform_2_element_first12\">Vorname<\/label><\/div><div class=\"wd-flex wd-flex-column wd-name-separator\"><\/div><div class=\"wd-flex wd-flex-column wd-width-50\"><input type=\"text\" class=\"wd-width-100\" id=\"wdform_2_element_last12\" name=\"wdform_2_element_last12\" value=\"\" title=\"\" placeholder=\"\"  \/><label class=\"mini_label\" for=\"wdform_2_element_last12\">Nachname<\/label><\/div><\/div><\/div><\/div><\/div><div class=\"wdform_column\"><div style=\"\" class=\"wdform_row\" wdid=\"10\"><div type=\"type_date_fields\" class=\"wdform-field wd-width-100 wd-flex wd-flex-row\"><div class=\"wdform-label-section wd-width-30 wdform_date_fields wd-flex-row\" style=\"max-width: 100px;\">    <label  for=\"wdform_10_day12\" class=\"wdform-label\">Geburtsdatum<\/label><span class=\"wdform-required\">*<\/span><\/div><div class=\"wdform-element-section wd-flex wdform_date_fields wd-flex-row wd-width-70\" ><div class=\"wd-flex wd-flex-row wd-width-100 wd-align-items\"><div class=\"wd-flex wd-flex-column\"><select id=\"wdform_10_day12\" name=\"wdform_10_day12\" style=\"width: 60px;\" ><option value=\"\"><\/option><option value=\"01\" >01<\/option><option value=\"02\" >02<\/option><option value=\"03\" >03<\/option><option value=\"04\" >04<\/option><option value=\"05\" >05<\/option><option value=\"06\" >06<\/option><option value=\"07\" >07<\/option><option value=\"08\" >08<\/option><option value=\"09\" >09<\/option><option value=\"10\" >10<\/option><option value=\"11\" >11<\/option><option value=\"12\" >12<\/option><option value=\"13\" >13<\/option><option value=\"14\" >14<\/option><option value=\"15\" >15<\/option><option value=\"16\" >16<\/option><option value=\"17\" >17<\/option><option value=\"18\" >18<\/option><option value=\"19\" >19<\/option><option value=\"20\" >20<\/option><option value=\"21\" >21<\/option><option value=\"22\" >22<\/option><option value=\"23\" >23<\/option><option value=\"24\" >24<\/option><option value=\"25\" >25<\/option><option value=\"26\" >26<\/option><option value=\"27\" >27<\/option><option value=\"28\" >28<\/option><option value=\"29\" >29<\/option><option value=\"30\" >30<\/option><option value=\"31\" >31<\/option><\/select><label for=\"wdform_10_day12\" class=\"mini_label\">Tag<\/label><\/div><span class=\"wdform_separator\"><\/span><div class=\"wd-flex wd-flex-column\"><select id=\"wdform_10_month12\" name=\"wdform_10_month12\" style=\"width: 100px;\" ><option value=\"\"><\/option><option value=\"01\"   >Januar<\/option><option value=\"02\" >Februar<\/option><option value=\"03\" >M\u00e4rz<\/option><option value=\"04\"  >April<\/option><option value=\"05\"  >Mai<\/option><option value=\"06\"  >Juni<\/option><option value=\"07\"  >Juli<\/option><option value=\"08\"  >August<\/option><option value=\"09\"  >September<\/option><option value=\"10\"  >Oktober<\/option><option value=\"11\" >November<\/option><option value=\"12\"  >Dezember<\/option><\/select><label for=\"wdform_10_month12\" class=\"mini_label\">Monat<\/label><\/div><span class=\"wdform_separator\"><\/span><div class=\"wd-flex wd-flex-column\"><select id=\"wdform_10_year12\" name=\"wdform_10_year12\"  from=\"1900\" to=\"2016\" style=\"width: 60px;\" ><option value=\"\"><\/option><option value=\"2016\" >2016<\/option><option value=\"2015\" >2015<\/option><option value=\"2014\" >2014<\/option><option value=\"2013\" >2013<\/option><option value=\"2012\" >2012<\/option><option value=\"2011\" >2011<\/option><option value=\"2010\" >2010<\/option><option value=\"2009\" >2009<\/option><option value=\"2008\" >2008<\/option><option value=\"2007\" >2007<\/option><option value=\"2006\" >2006<\/option><option value=\"2005\" >2005<\/option><option value=\"2004\" >2004<\/option><option value=\"2003\" >2003<\/option><option value=\"2002\" >2002<\/option><option value=\"2001\" >2001<\/option><option value=\"2000\" >2000<\/option><option value=\"1999\" >1999<\/option><option value=\"1998\" >1998<\/option><option value=\"1997\" >1997<\/option><option value=\"1996\" >1996<\/option><option value=\"1995\" >1995<\/option><option value=\"1994\" >1994<\/option><option value=\"1993\" >1993<\/option><option value=\"1992\" >1992<\/option><option value=\"1991\" >1991<\/option><option value=\"1990\" >1990<\/option><option value=\"1989\" >1989<\/option><option value=\"1988\" >1988<\/option><option value=\"1987\" >1987<\/option><option value=\"1986\" >1986<\/option><option value=\"1985\" >1985<\/option><option value=\"1984\" >1984<\/option><option value=\"1983\" >1983<\/option><option value=\"1982\" >1982<\/option><option value=\"1981\" >1981<\/option><option value=\"1980\" >1980<\/option><option value=\"1979\" >1979<\/option><option value=\"1978\" >1978<\/option><option value=\"1977\" >1977<\/option><option value=\"1976\" >1976<\/option><option value=\"1975\" >1975<\/option><option value=\"1974\" >1974<\/option><option value=\"1973\" >1973<\/option><option value=\"1972\" >1972<\/option><option value=\"1971\" >1971<\/option><option value=\"1970\" >1970<\/option><option value=\"1969\" >1969<\/option><option value=\"1968\" >1968<\/option><option value=\"1967\" >1967<\/option><option value=\"1966\" >1966<\/option><option value=\"1965\" >1965<\/option><option value=\"1964\" >1964<\/option><option value=\"1963\" >1963<\/option><option value=\"1962\" >1962<\/option><option value=\"1961\" >1961<\/option><option value=\"1960\" >1960<\/option><option value=\"1959\" >1959<\/option><option value=\"1958\" >1958<\/option><option value=\"1957\" >1957<\/option><option value=\"1956\" >1956<\/option><option value=\"1955\" >1955<\/option><option value=\"1954\" >1954<\/option><option value=\"1953\" >1953<\/option><option value=\"1952\" >1952<\/option><option value=\"1951\" >1951<\/option><option value=\"1950\" >1950<\/option><option value=\"1949\" >1949<\/option><option value=\"1948\" >1948<\/option><option value=\"1947\" >1947<\/option><option value=\"1946\" >1946<\/option><option value=\"1945\" >1945<\/option><option value=\"1944\" >1944<\/option><option value=\"1943\" >1943<\/option><option value=\"1942\" >1942<\/option><option value=\"1941\" >1941<\/option><option value=\"1940\" >1940<\/option><option value=\"1939\" >1939<\/option><option value=\"1938\" >1938<\/option><option value=\"1937\" >1937<\/option><option value=\"1936\" >1936<\/option><option value=\"1935\" >1935<\/option><option value=\"1934\" >1934<\/option><option value=\"1933\" >1933<\/option><option value=\"1932\" >1932<\/option><option value=\"1931\" >1931<\/option><option value=\"1930\" >1930<\/option><option value=\"1929\" >1929<\/option><option value=\"1928\" >1928<\/option><option value=\"1927\" >1927<\/option><option value=\"1926\" >1926<\/option><option value=\"1925\" >1925<\/option><option value=\"1924\" >1924<\/option><option value=\"1923\" >1923<\/option><option value=\"1922\" >1922<\/option><option value=\"1921\" >1921<\/option><option value=\"1920\" >1920<\/option><option value=\"1919\" >1919<\/option><option value=\"1918\" >1918<\/option><option value=\"1917\" >1917<\/option><option value=\"1916\" >1916<\/option><option value=\"1915\" >1915<\/option><option value=\"1914\" >1914<\/option><option value=\"1913\" >1913<\/option><option value=\"1912\" >1912<\/option><option value=\"1911\" >1911<\/option><option value=\"1910\" >1910<\/option><option value=\"1909\" >1909<\/option><option value=\"1908\" >1908<\/option><option value=\"1907\" >1907<\/option><option value=\"1906\" >1906<\/option><option value=\"1905\" >1905<\/option><option value=\"1904\" >1904<\/option><option value=\"1903\" >1903<\/option><option value=\"1902\" >1902<\/option><option value=\"1901\" >1901<\/option><option value=\"1900\" >1900<\/option><\/select><label for=\"wdform_10_year12\" class=\"mini_label\">Jahr<\/label><\/div><\/div><\/div><\/div><\/div><\/div><div class=\"wdform_column\"><div class=\"wdform_row\" wdid=\"4\"><div type=\"type_address\" class=\"wdform-field wd-width-100 wd-flex wd-flex-row\"><div class=\"wdform-label-section wd-width-30 wdform_address wd-flex-column\" style=\"max-width: 100px;\">    <label  for=\"wdform_4_street112\" class=\"wdform-label\">Adresse:<\/label><span class=\"wdform-required\">*<\/span><\/div><div class=\"wdform-element-section wd-flex wdform_address wd-flex-column wd-width-70\" style=\"max-width: 300px;\"><span class=\"wd-width-100 wd-address\">                <input class=\"wd-width-100\" type=\"text\" id=\"wdform_4_street112\" name=\"wdform_4_street112\" value=\"\"  \/>                <label for=\"wdform_4_street112\" class=\"mini_label\">Strasse<\/label><\/span><span class=\"wd-width-100 wd-flex wd-flex-row wd-flex-wrap wd-justify-content\"><span class=\"wd-width-49 wd-address\">                <input class=\"wd-width-100\" type=\"text\" id=\"wdform_4_city12\" name=\"wdform_6_city12\" value=\"\"  \/>                <label for=\"wdform_4_city12\" class=\"mini_label\">Ort<\/label><\/span><span class=\"wd-width-49 wd-address\">              <input class=\"wd-width-100\" type=\"text\" id=\"wdform_4_postal12\" name=\"wdform_8_postal12\" value=\"\"  \/>              <label for=\"wdform_4_postal12\" class=\"mini_label\">PLZ<\/label><\/span><\/span><\/div><\/div><\/div><\/div><div class=\"wdform_column\"><div class=\"wdform_row\" wdid=\"11\"><div type=\"type_submitter_mail\" class=\"wdform-field wd-width-100 wd-flex wd-flex-row\"><div class=\"wdform-label-section wd-width-30  wd-flex-row\" style=\"max-width: 100px;\">    <label  for=\"wdform_11_element12\" class=\"wdform-label\">E-mail:<\/label><span class=\"wdform-required\">*<\/span><\/div><div class=\"wdform-element-section wd-flex  wd-flex-row wd-width-70\" style=\"max-width: 200px;\"><input type=\"text\" class=\"wd-width-100\" id=\"wdform_11_element12\" name=\"wdform_11_element12\" value=\"\" title=\"\" placeholder=\"\"   onchange=\"wd_check_email('11', '12', 'Dies ist keine g\u00fcltige E-Mail-Adresse.')\" \/><\/div><\/div><\/div><\/div><div class=\"wdform_column\"><div wdid=\"18\" class=\"wdform_row\"><div type=\"type_radio\" class=\"wdform-field wd-width-100 wd-flex wd-flex-column\"><div class=\"wdform-label-section wd-width-100  wd-flex-wrap wd-flex-column\">    <label  class=\"wdform-label\">Team<\/label><span class=\"wdform-required\">*<\/span><\/div><div class=\"wdform-element-section wd-flex  wd-flex-wrap wd-flex-column wd-width-100\" ><div class=\"wd-flex wd-flex-column\"><input type=\"hidden\" name=\"wdform_18_element12\" value=\"\" \/><div class=\"radio-div wd-choice wd-flex wd-flex-row\"><input type=\"radio\"  id=\"wdform_18_element120\" name=\"wdform_18_element12\" value=\"ASV Rookies\" onclick=\"set_default(&quot;wdform_18&quot;,&quot;0&quot;,&quot;12&quot;); \"   \/><label class=\"wd-align-items-center wd-flex wd-flex-row\" for=\"wdform_18_element120\"><span><\/span>ASV Rookies<\/label><\/div><div class=\"radio-div wd-choice wd-flex wd-flex-row\"><input type=\"radio\"  id=\"wdform_18_element121\" name=\"wdform_18_element12\" value=\"ASV U16 Kader\" onclick=\"set_default(&quot;wdform_18&quot;,&quot;1&quot;,&quot;12&quot;); \"   \/><label class=\"wd-align-items-center wd-flex wd-flex-row\" for=\"wdform_18_element121\"><span><\/span>ASV U16 Kader<\/label><\/div><div class=\"radio-div wd-choice wd-flex wd-flex-row\"><input type=\"radio\"  id=\"wdform_18_element122\" name=\"wdform_18_element12\" value=\"ASV U23 Kader\" onclick=\"set_default(&quot;wdform_18&quot;,&quot;2&quot;,&quot;12&quot;); \"   \/><label class=\"wd-align-items-center wd-flex wd-flex-row\" for=\"wdform_18_element122\"><span><\/span>ASV U23 Kader<\/label><\/div><div class=\"radio-div wd-choice wd-flex wd-flex-row\"><input type=\"radio\"  id=\"wdform_18_element123\" name=\"wdform_18_element12\" value=\"ASV Race\" onclick=\"set_default(&quot;wdform_18&quot;,&quot;3&quot;,&quot;12&quot;); \" checked=\"checked\"  \/><label class=\"wd-align-items-center wd-flex wd-flex-row\" for=\"wdform_18_element123\"><span><\/span>ASV Race<\/label><\/div><\/div><\/div><\/div><\/div><\/div><div class=\"wdform_column\"><div wdid=\"15\" class=\"wdform_row\" style=\"position: relative; left: 0px; top: 0px;\"><div type=\"type_text\" class=\"wdform-field wd-width-100 wd-flex wd-flex-row\"><div class=\"wdform-label-section wd-width-30  wd-flex-row wd-align-items-center\" style=\"max-width: 100px;\">    <label  for=\"wdform_15_element12\" class=\"wdform-label\">Skiclub:<\/label><\/div><div class=\"wdform-element-section wd-flex  wd-flex-row wd-align-items-center wd-width-70\" style=\"max-width: 200px;\"><input type=\"text\"                           class=\"wd-width-100\"                           id=\"wdform_15_element12\"                           name=\"wdform_15_element12\"                           value=\"\"                           title=\"\"                           placeholder=\"\"                                                       \/><\/div><\/div><\/div><\/div><div class=\"wdform_column\"><div class=\"wdform_row\" wdid=\"12\" style=\"position: relative; left: 0px; top: 0px;\"><div type=\"type_recaptcha\" class=\"wdform-field wd-width-100 wd-flex wd-flex-row\"><div class=\"wdform-label-section wd-width-30 wd-flex-row\" style=\"max-width: 100px;\">    <label  class=\"wdform-label\">Ich bin kein Roboter:<\/label><\/div><div class=\"wdform-element-section wd-flex wd-flex-row wd-width-70\" ><div id=\"recaptcha1212\" class=\"g-recaptcha\" data-sitekey=\"6LdUMwgUAAAAAM_8jYymvm_E5S6wc-ZzaWYBf-PW\" data-form_id=\"12\" data-badge=\"hidden\"><\/div><\/div><\/div><\/div><\/div><div class=\"wdform_column\"><div class=\"wdform_row\" wdid=\"13\"><div type=\"type_submit_reset\" class=\"wdform-field wd-width-100 wd-flex wd-flex-column\"><div class=\"wdform-element-section wd-flex  wd-flex-row wd-justify-content-left wd-width-100\" ><button  type=\"button\" class=\"button-submit\" onclick=\"fm_submit_form('12');\"  data-ajax=\"0\"><span class=\"fm-submit-loading spinner fm-ico-spinner\"><\/span>Abschicken<\/button><button  type=\"button\" class=\"button-reset \" onclick=\"fm_reset_form(12);\" >Reset<\/button><\/div><\/div><\/div><\/div><\/div><div valign=\"top\" class=\"wdform_footer\" style=\"width: 100%;\"><div style=\"width: 100%;\"><div style=\"width: 100%; display: table; padding-top:10px;\"><div style=\"display: table-row-group;\"><div id=\"12page_nav1\" style=\"display: table-row;\"><\/div><\/div><\/div><\/div><\/div><\/div><\/div><div class=\"wdform_preload\"><\/div><\/form><\/div>\n\n\n\n<p><a href=\"https:\/\/asv-ski.ch\/wp-content\/uploads\/2019\/04\/Rangliste_Sichtungstag_19.xlsx\">Rangliste_Sichtungstag_19<\/a><\/p>\n<\/div><\/div>\n\n\n\n<p><\/p>\n","protected":false},"excerpt":{"rendered":"<p>Das Probetraining wird am 23. M\u00e4rz 2025 in Elm stattfinden. Die Anmeldung ist offen, wir freuen uns auf dich! Datum: \u00a0\u00a0\u00a0\u00a0\u00a0\u00a0\u00a0\u00a0\u00a0\u00a0\u00a0\u00a0\u00a0\u00a0\u00a0\u00a0\u00a0\u00a0\u00a0 Sonntag, 23. M\u00e4rz 2025 Trainer: \u00a0\u00a0\u00a0\u00a0\u00a0\u00a0\u00a0\u00a0\u00a0\u00a0\u00a0\u00a0\u00a0\u00a0\u00a0\u00a0\u00a0\u00a0 Peter L\u00e4uppi, Nils Freyenmuth Training: &nbsp;&nbsp;&nbsp;&nbsp;&nbsp;&nbsp;&nbsp;&nbsp;&nbsp;&nbsp;&nbsp;&nbsp;&nbsp;&nbsp;&nbsp;&nbsp; Probetraining, Riesenslalom und freies Skifahren Besammlung: \u00a0\u00a0\u00a0\u00a0\u00a0\u00a0 08:30 Uhr Elm, Talstation Sportbahnen Elm Trainingsende: \u00a0\u00a0\u00a0\u00a0 ca. 16.00 Uhr Elm, Talstation Sportbahnen Elm [&hellip;]<\/p>\n","protected":false},"author":2,"featured_media":0,"parent":22,"menu_order":0,"comment_status":"closed","ping_status":"closed","template":"","meta":{"footnotes":""},"class_list":["post-461","page","type-page","status-publish","czr-hentry"],"_links":{"self":[{"href":"https:\/\/asv-ski.ch\/index.php?rest_route=\/wp\/v2\/pages\/461","targetHints":{"allow":["GET"]}}],"collection":[{"href":"https:\/\/asv-ski.ch\/index.php?rest_route=\/wp\/v2\/pages"}],"about":[{"href":"https:\/\/asv-ski.ch\/index.php?rest_route=\/wp\/v2\/types\/page"}],"author":[{"embeddable":true,"href":"https:\/\/asv-ski.ch\/index.php?rest_route=\/wp\/v2\/users\/2"}],"replies":[{"embeddable":true,"href":"https:\/\/asv-ski.ch\/index.php?rest_route=%2Fwp%2Fv2%2Fcomments&post=461"}],"version-history":[{"count":48,"href":"https:\/\/asv-ski.ch\/index.php?rest_route=\/wp\/v2\/pages\/461\/revisions"}],"predecessor-version":[{"id":1926,"href":"https:\/\/asv-ski.ch\/index.php?rest_route=\/wp\/v2\/pages\/461\/revisions\/1926"}],"up":[{"embeddable":true,"href":"https:\/\/asv-ski.ch\/index.php?rest_route=\/wp\/v2\/pages\/22"}],"wp:attachment":[{"href":"https:\/\/asv-ski.ch\/index.php?rest_route=%2Fwp%2Fv2%2Fmedia&parent=461"}],"curies":[{"name":"wp","href":"https:\/\/api.w.org\/{rel}","templated":true}]}}